{"id":4547,"date":"2026-03-05T19:16:11","date_gmt":"2026-03-05T22:16:11","guid":{"rendered":"https:\/\/recargasonlineparatvboxb.com\/?post_type=product&#038;p=4547"},"modified":"2026-03-05T19:16:49","modified_gmt":"2026-03-05T22:16:49","slug":"nexatv-youcine-90-dias","status":"publish","type":"product","link":"https:\/\/recargasonlineparatvboxb.com\/?product=nexatv-youcine-90-dias","title":{"rendered":"NexaTV+ YouCine = 90 dias"},"content":{"rendered":"<p>Recarga NexaTV+YouCine Mensal com validade de 90 dias, contados a partir da data de ativa\u00e7\u00e3o no aplicativo.<\/p>\n<p><strong>Compre e receba imediatamente de forma autom\u00e1tica sua recarga de 16 d\u00edgitos para acesso ao aplicativo NexaTV+YouCine, receba no seu e-mail cadastrado ou visualize sua Recarga na aba \u201cMinhas Recargas\u201d em nosso Site.<\/strong><\/p>\n","protected":false},"excerpt":{"rendered":"<p>Recarga NexaTV+YouCine Mensal com validade de 90 dias, contados a partir da data de ativa\u00e7\u00e3o no aplicativo. Compre e receba imediatamente de forma autom\u00e1tica sua recarga de 16 d\u00edgitos para acesso ao aplicativo NexaTV+YouCine, receba no seu e-mail cadastrado ou visualize sua Recarga na aba \u201cMinhas Recargas\u201d em nosso Site.<\/p>\n","protected":false},"featured_media":4539,"template":"","meta":{"_joinchat":[]},"product_brand":[],"product_cat":[28],"product_tag":[],"class_list":{"0":"post-4547","1":"product","2":"type-product","3":"status-publish","4":"has-post-thumbnail","6":"product_cat-combos","8":"first","9":"instock","10":"sale","11":"downloadable","12":"virtual","13":"purchasable","14":"product-type-simple"},"jetpack_sharing_enabled":true,"_links":{"self":[{"href":"https:\/\/recargasonlineparatvboxb.com\/index.php?rest_route=\/wp\/v2\/product\/4547","targetHints":{"allow":["GET"]}}],"collection":[{"href":"https:\/\/recargasonlineparatvboxb.com\/index.php?rest_route=\/wp\/v2\/product"}],"about":[{"href":"https:\/\/recargasonlineparatvboxb.com\/index.php?rest_route=\/wp\/v2\/types\/product"}],"wp:featuredmedia":[{"embeddable":true,"href":"https:\/\/recargasonlineparatvboxb.com\/index.php?rest_route=\/wp\/v2\/media\/4539"}],"wp:attachment":[{"href":"https:\/\/recargasonlineparatvboxb.com\/index.php?rest_route=%2Fwp%2Fv2%2Fmedia&parent=4547"}],"wp:term":[{"taxonomy":"product_brand","embeddable":true,"href":"https:\/\/recargasonlineparatvboxb.com\/index.php?rest_route=%2Fwp%2Fv2%2Fproduct_brand&post=4547"},{"taxonomy":"product_cat","embeddable":true,"href":"https:\/\/recargasonlineparatvboxb.com\/index.php?rest_route=%2Fwp%2Fv2%2Fproduct_cat&post=4547"},{"taxonomy":"product_tag","embeddable":true,"href":"https:\/\/recargasonlineparatvboxb.com\/index.php?rest_route=%2Fwp%2Fv2%2Fproduct_tag&post=4547"}],"curies":[{"name":"wp","href":"https:\/\/api.w.org\/{rel}","templated":true}]}}