{"id":3961,"date":"2025-12-05T11:33:31","date_gmt":"2025-12-05T14:33:31","guid":{"rendered":"https:\/\/recargasonlineparatvboxb.com\/?post_type=product&#038;p=3961"},"modified":"2026-04-29T12:43:29","modified_gmt":"2026-04-29T15:43:29","slug":"youcine-pro-30-dias","status":"publish","type":"product","link":"https:\/\/recargasonlineparatvboxb.com\/?product=youcine-pro-30-dias","title":{"rendered":"YouCine Pro = 30 dias"},"content":{"rendered":"<p>Recarga YouCine Mensal com validade de 30 dias, contados a partir da data de ativa\u00e7\u00e3o no aplicativo.<\/p>\n<p><strong>Compre e receba imediatamente de forma autom\u00e1tica sua recarga de 16 d\u00edgitos para acesso ao aplicativo YouCine, receba no seu e-mail cadastrado ou visualize sua Recarga na aba \u201cMinhas Recargas\u201d em nosso Site.<\/strong><\/p>\n","protected":false},"excerpt":{"rendered":"<p>Recarga YouCine Mensal com validade de 30 dias, contados a partir da data de ativa\u00e7\u00e3o no aplicativo. Compre e receba imediatamente de forma autom\u00e1tica sua recarga de 16 d\u00edgitos para acesso ao aplicativo YouCine, receba no seu e-mail cadastrado ou visualize sua Recarga na aba \u201cMinhas Recargas\u201d em nosso Site.<\/p>\n","protected":false},"featured_media":3965,"template":"","meta":{"_joinchat":[]},"product_brand":[],"product_cat":[27],"product_tag":[],"class_list":{"0":"post-3961","1":"product","2":"type-product","3":"status-publish","4":"has-post-thumbnail","6":"product_cat-youcine","8":"first","9":"instock","10":"sale","11":"downloadable","12":"virtual","13":"purchasable","14":"product-type-simple"},"jetpack_sharing_enabled":true,"_links":{"self":[{"href":"https:\/\/recargasonlineparatvboxb.com\/index.php?rest_route=\/wp\/v2\/product\/3961","targetHints":{"allow":["GET"]}}],"collection":[{"href":"https:\/\/recargasonlineparatvboxb.com\/index.php?rest_route=\/wp\/v2\/product"}],"about":[{"href":"https:\/\/recargasonlineparatvboxb.com\/index.php?rest_route=\/wp\/v2\/types\/product"}],"wp:featuredmedia":[{"embeddable":true,"href":"https:\/\/recargasonlineparatvboxb.com\/index.php?rest_route=\/wp\/v2\/media\/3965"}],"wp:attachment":[{"href":"https:\/\/recargasonlineparatvboxb.com\/index.php?rest_route=%2Fwp%2Fv2%2Fmedia&parent=3961"}],"wp:term":[{"taxonomy":"product_brand","embeddable":true,"href":"https:\/\/recargasonlineparatvboxb.com\/index.php?rest_route=%2Fwp%2Fv2%2Fproduct_brand&post=3961"},{"taxonomy":"product_cat","embeddable":true,"href":"https:\/\/recargasonlineparatvboxb.com\/index.php?rest_route=%2Fwp%2Fv2%2Fproduct_cat&post=3961"},{"taxonomy":"product_tag","embeddable":true,"href":"https:\/\/recargasonlineparatvboxb.com\/index.php?rest_route=%2Fwp%2Fv2%2Fproduct_tag&post=3961"}],"curies":[{"name":"wp","href":"https:\/\/api.w.org\/{rel}","templated":true}]}}