{"id":106,"date":"2024-11-06T21:00:51","date_gmt":"2024-11-07T00:00:51","guid":{"rendered":"https:\/\/recargasonlineparatvboxb.com\/?post_type=product&#038;p=106"},"modified":"2026-04-30T13:22:35","modified_gmt":"2026-04-30T16:22:35","slug":"unitv-pro-90-dias","status":"publish","type":"product","link":"https:\/\/recargasonlineparatvboxb.com\/?product=unitv-pro-90-dias","title":{"rendered":"UniTv Pro = 90 dias"},"content":{"rendered":"<p>Recarga UniTv Trimestral com validade de 90 dias, contados a partir da data de ativa\u00e7\u00e3o no aplicativo.<\/p>\n<p><strong>Compre e receba imediatamente de forma autom\u00e1tica sua Recarga de 16 d\u00edgitos para acesso ao aplicativo UniTV, receba no seu e-mail cadastrado ou visualize sua recarga na aba \u201cMinhas Recargas\u201d em nosso Site.<\/strong><\/p>\n","protected":false},"excerpt":{"rendered":"<p>Recarga UniTv Trimestral com validade de 90 dias, contados a partir da data de ativa\u00e7\u00e3o no aplicativo. Compre e receba imediatamente de forma autom\u00e1tica sua Recarga de 16 d\u00edgitos para acesso ao aplicativo UniTV, receba no seu e-mail cadastrado ou visualize sua recarga na aba \u201cMinhas Recargas\u201d em nosso Site.<\/p>\n","protected":false},"featured_media":3630,"template":"","meta":{"_joinchat":[]},"product_brand":[],"product_cat":[26],"product_tag":[],"class_list":{"0":"post-106","1":"product","2":"type-product","3":"status-publish","4":"has-post-thumbnail","6":"product_cat-unitv","8":"first","9":"instock","10":"sale","11":"downloadable","12":"virtual","13":"purchasable","14":"product-type-simple"},"jetpack_sharing_enabled":true,"_links":{"self":[{"href":"https:\/\/recargasonlineparatvboxb.com\/index.php?rest_route=\/wp\/v2\/product\/106","targetHints":{"allow":["GET"]}}],"collection":[{"href":"https:\/\/recargasonlineparatvboxb.com\/index.php?rest_route=\/wp\/v2\/product"}],"about":[{"href":"https:\/\/recargasonlineparatvboxb.com\/index.php?rest_route=\/wp\/v2\/types\/product"}],"wp:featuredmedia":[{"embeddable":true,"href":"https:\/\/recargasonlineparatvboxb.com\/index.php?rest_route=\/wp\/v2\/media\/3630"}],"wp:attachment":[{"href":"https:\/\/recargasonlineparatvboxb.com\/index.php?rest_route=%2Fwp%2Fv2%2Fmedia&parent=106"}],"wp:term":[{"taxonomy":"product_brand","embeddable":true,"href":"https:\/\/recargasonlineparatvboxb.com\/index.php?rest_route=%2Fwp%2Fv2%2Fproduct_brand&post=106"},{"taxonomy":"product_cat","embeddable":true,"href":"https:\/\/recargasonlineparatvboxb.com\/index.php?rest_route=%2Fwp%2Fv2%2Fproduct_cat&post=106"},{"taxonomy":"product_tag","embeddable":true,"href":"https:\/\/recargasonlineparatvboxb.com\/index.php?rest_route=%2Fwp%2Fv2%2Fproduct_tag&post=106"}],"curies":[{"name":"wp","href":"https:\/\/api.w.org\/{rel}","templated":true}]}}